{"id":242,"date":"2020-01-02T10:16:33","date_gmt":"2020-01-02T08:16:33","guid":{"rendered":"https:\/\/mcfinance.lv\/?page_id=242"},"modified":"2024-11-26T11:56:18","modified_gmt":"2024-11-26T09:56:18","slug":"%d0%ba%d0%be%d0%bd%d1%82%d0%b0%d0%ba%d1%82%d1%8b","status":"publish","type":"page","link":"https:\/\/mcfinance.lv\/ru\/%d0%ba%d0%be%d0%bd%d1%82%d0%b0%d0%ba%d1%82%d1%8b\/","title":{"rendered":"\u041a\u043e\u043d\u0442\u0430\u043a\u0442\u044b"},"content":{"rendered":"\n<div class=\"wp-block-columns has-3-columns is-layout-flex wp-container-core-columns-is-layout-9d6595d7 wp-block-columns-is-layout-flex\">\n<div class=\"wp-block-column is-layout-flow wp-block-column-is-layout-flow\">\n<h3 class=\"wp-block-heading\">\u0426\u0435\u043d\u0442\u0440 \u043e\u0431\u0441\u043b\u0443\u0436\u0438\u0432\u0430\u043d\u0438\u044f \u043a\u043b\u0438\u0435\u043d\u0442\u043e\u0432  <\/h3>\n\n\n\n<p><a href=\"https:\/\/goo.gl\/maps\/DHJKnvKwWA6HPjzm6\">\u0443\u043b. \u0411\u0430\u0443\u0441\u043a\u0430\u0441 58a-508, 5-\u0439 \u044d\u0442\u0430\u0436, \u0420\u0438\u0433\u0430<\/a><\/p>\n\n\n\n<p>\u0422\u0435\u043b\u0435\u0444\u043e\u043d: <a href=\"tel:+37166900300\">+371 66 900 300<\/a><br>E-mail: <a href=\"mailto:info@mcfinance.lv\">info@mcfinance.lv<\/a><\/p>\n<\/div>\n\n\n\n<div class=\"wp-block-column is-layout-flow wp-block-column-is-layout-flow\">\n<h3 class=\"wp-block-heading\"><strong>\u0420\u0435\u043a\u0432\u0438\u0437\u0438\u0442\u044b<\/strong><\/h3>\n\n\n\n<p>AS MC FINANCE<br> <a href=\"https:\/\/goo.gl\/maps\/DHJKnvKwWA6HPjzm6\">Bauskas iela 58a-8, R\u012bga, LV-1004<\/a> <br> Re\u0123. Nr. 40103326532<br> PVN Re\u0123. Nr. LV40103326532<\/p>\n<\/div>\n\n\n\n<div class=\"wp-block-column is-layout-flow wp-block-column-is-layout-flow\">\n<h3 class=\"wp-block-heading\">\u0414<strong>\u043b\u044f \u043f\u043b\u0430\u0442\u0435\u0436\u0435\u0439<\/strong><\/h3>\n\n\n\n<p>\u041b\u0438\u0437\u0438\u043d\u0433:<br> LV42 CBBR 1122 0208 0001 0 <br>\u0418\u043f\u043e\u0442\u0435\u043a\u0430:<br> LV92 CBBR 1122 0208 0008 0<\/p>\n<\/div>\n<\/div>\n","protected":false},"excerpt":{"rendered":"<p>\u0426\u0435\u043d\u0442\u0440 \u043e\u0431\u0441\u043b\u0443\u0436\u0438\u0432\u0430\u043d\u0438\u044f \u043a\u043b\u0438\u0435\u043d\u0442\u043e\u0432 \u0443\u043b. \u0411\u0430\u0443\u0441\u043a\u0430\u0441 58a-508, 5-\u0439 \u044d\u0442\u0430\u0436, \u0420\u0438\u0433\u0430 \u0422\u0435\u043b\u0435\u0444\u043e\u043d: +371 66 900 300E-mail: info@mcfinance.lv \u0420\u0435\u043a\u0432\u0438\u0437\u0438\u0442\u044b AS MC FINANCE Bauskas iela 58a-8, R\u012bga, LV-1004 Re\u0123. Nr. 40103326532 PVN Re\u0123. Nr. LV40103326532 \u0414\u043b\u044f \u043f\u043b\u0430\u0442\u0435\u0436\u0435\u0439 \u041b\u0438\u0437\u0438\u043d\u0433: LV42 CBBR 1122 0208 0001 0 \u0418\u043f\u043e\u0442\u0435\u043a\u0430: LV92 CBBR 1122 0208 0008 0<\/p>\n","protected":false},"author":1,"featured_media":0,"parent":0,"menu_order":0,"comment_status":"closed","ping_status":"closed","template":"templates\/contacts.php","meta":{"_acf_changed":false,"footnotes":""},"class_list":["post-242","page","type-page","status-publish","hentry"],"acf":[],"yoast_head":"<!-- This site is optimized with the Yoast SEO plugin v26.6 - https:\/\/yoast.com\/wordpress\/plugins\/seo\/ -->\n<title>\u041a\u043e\u043d\u0442\u0430\u043a\u0442\u044b - MCFinance<\/title>\n<meta name=\"robots\" content=\"index, follow, max-snippet:-1, max-image-preview:large, max-video-preview:-1\" \/>\n<link rel=\"canonical\" href=\"https:\/\/mcfinance.lv\/ru\/%d0%ba%d0%be%d0%bd%d1%82%d0%b0%d0%ba%d1%82%d1%8b\/\" \/>\n<meta property=\"og:locale\" content=\"ru_RU\" \/>\n<meta property=\"og:type\" content=\"article\" \/>\n<meta property=\"og:title\" content=\"\u041a\u043e\u043d\u0442\u0430\u043a\u0442\u044b - MCFinance\" \/>\n<meta property=\"og:description\" content=\"\u0426\u0435\u043d\u0442\u0440 \u043e\u0431\u0441\u043b\u0443\u0436\u0438\u0432\u0430\u043d\u0438\u044f \u043a\u043b\u0438\u0435\u043d\u0442\u043e\u0432 \u0443\u043b. \u0411\u0430\u0443\u0441\u043a\u0430\u0441 58a-508, 5-\u0439 \u044d\u0442\u0430\u0436, \u0420\u0438\u0433\u0430 \u0422\u0435\u043b\u0435\u0444\u043e\u043d: +371 66 900 300E-mail: info@mcfinance.lv \u0420\u0435\u043a\u0432\u0438\u0437\u0438\u0442\u044b AS MC FINANCE Bauskas iela 58a-8, R\u012bga, LV-1004 Re\u0123. Nr. 40103326532 PVN Re\u0123. Nr. LV40103326532 \u0414\u043b\u044f \u043f\u043b\u0430\u0442\u0435\u0436\u0435\u0439 \u041b\u0438\u0437\u0438\u043d\u0433: LV42 CBBR 1122 0208 0001 0 \u0418\u043f\u043e\u0442\u0435\u043a\u0430: LV92 CBBR 1122 0208 0008 0\" \/>\n<meta property=\"og:url\" content=\"https:\/\/mcfinance.lv\/ru\/%d0%ba%d0%be%d0%bd%d1%82%d0%b0%d0%ba%d1%82%d1%8b\/\" \/>\n<meta property=\"og:site_name\" content=\"MCFinance\" \/>\n<meta property=\"article:modified_time\" content=\"2024-11-26T09:56:18+00:00\" \/>\n<meta name=\"twitter:card\" content=\"summary_large_image\" \/>\n<meta name=\"twitter:label1\" content=\"\u041f\u0440\u0438\u043c\u0435\u0440\u043d\u043e\u0435 \u0432\u0440\u0435\u043c\u044f \u0434\u043b\u044f \u0447\u0442\u0435\u043d\u0438\u044f\" \/>\n\t<meta name=\"twitter:data1\" content=\"1 \u043c\u0438\u043d\u0443\u0442\u0430\" \/>\n<script type=\"application\/ld+json\" class=\"yoast-schema-graph\">{\"@context\":\"https:\/\/schema.org\",\"@graph\":[{\"@type\":\"WebPage\",\"@id\":\"https:\/\/mcfinance.lv\/ru\/%d0%ba%d0%be%d0%bd%d1%82%d0%b0%d0%ba%d1%82%d1%8b\/\",\"url\":\"https:\/\/mcfinance.lv\/ru\/%d0%ba%d0%be%d0%bd%d1%82%d0%b0%d0%ba%d1%82%d1%8b\/\",\"name\":\"\u041a\u043e\u043d\u0442\u0430\u043a\u0442\u044b - MCFinance\",\"isPartOf\":{\"@id\":\"https:\/\/mcfinance.lv\/ru\/#website\"},\"datePublished\":\"2020-01-02T08:16:33+00:00\",\"dateModified\":\"2024-11-26T09:56:18+00:00\",\"breadcrumb\":{\"@id\":\"https:\/\/mcfinance.lv\/ru\/%d0%ba%d0%be%d0%bd%d1%82%d0%b0%d0%ba%d1%82%d1%8b\/#breadcrumb\"},\"inLanguage\":\"ru-RU\",\"potentialAction\":[{\"@type\":\"ReadAction\",\"target\":[\"https:\/\/mcfinance.lv\/ru\/%d0%ba%d0%be%d0%bd%d1%82%d0%b0%d0%ba%d1%82%d1%8b\/\"]}]},{\"@type\":\"BreadcrumbList\",\"@id\":\"https:\/\/mcfinance.lv\/ru\/%d0%ba%d0%be%d0%bd%d1%82%d0%b0%d0%ba%d1%82%d1%8b\/#breadcrumb\",\"itemListElement\":[{\"@type\":\"ListItem\",\"position\":1,\"name\":\"Home\",\"item\":\"https:\/\/mcfinance.lv\/ru\/\"},{\"@type\":\"ListItem\",\"position\":2,\"name\":\"\u041a\u043e\u043d\u0442\u0430\u043a\u0442\u044b\"}]},{\"@type\":\"WebSite\",\"@id\":\"https:\/\/mcfinance.lv\/ru\/#website\",\"url\":\"https:\/\/mcfinance.lv\/ru\/\",\"name\":\"MCFinance\",\"description\":\"\",\"potentialAction\":[{\"@type\":\"SearchAction\",\"target\":{\"@type\":\"EntryPoint\",\"urlTemplate\":\"https:\/\/mcfinance.lv\/ru\/?s={search_term_string}\"},\"query-input\":{\"@type\":\"PropertyValueSpecification\",\"valueRequired\":true,\"valueName\":\"search_term_string\"}}],\"inLanguage\":\"ru-RU\"}]}<\/script>\n<!-- \/ Yoast SEO plugin. -->","yoast_head_json":{"title":"\u041a\u043e\u043d\u0442\u0430\u043a\u0442\u044b - MCFinance","robots":{"index":"index","follow":"follow","max-snippet":"max-snippet:-1","max-image-preview":"max-image-preview:large","max-video-preview":"max-video-preview:-1"},"canonical":"https:\/\/mcfinance.lv\/ru\/%d0%ba%d0%be%d0%bd%d1%82%d0%b0%d0%ba%d1%82%d1%8b\/","og_locale":"ru_RU","og_type":"article","og_title":"\u041a\u043e\u043d\u0442\u0430\u043a\u0442\u044b - MCFinance","og_description":"\u0426\u0435\u043d\u0442\u0440 \u043e\u0431\u0441\u043b\u0443\u0436\u0438\u0432\u0430\u043d\u0438\u044f \u043a\u043b\u0438\u0435\u043d\u0442\u043e\u0432 \u0443\u043b. \u0411\u0430\u0443\u0441\u043a\u0430\u0441 58a-508, 5-\u0439 \u044d\u0442\u0430\u0436, \u0420\u0438\u0433\u0430 \u0422\u0435\u043b\u0435\u0444\u043e\u043d: +371 66 900 300E-mail: info@mcfinance.lv \u0420\u0435\u043a\u0432\u0438\u0437\u0438\u0442\u044b AS MC FINANCE Bauskas iela 58a-8, R\u012bga, LV-1004 Re\u0123. Nr. 40103326532 PVN Re\u0123. Nr. LV40103326532 \u0414\u043b\u044f \u043f\u043b\u0430\u0442\u0435\u0436\u0435\u0439 \u041b\u0438\u0437\u0438\u043d\u0433: LV42 CBBR 1122 0208 0001 0 \u0418\u043f\u043e\u0442\u0435\u043a\u0430: LV92 CBBR 1122 0208 0008 0","og_url":"https:\/\/mcfinance.lv\/ru\/%d0%ba%d0%be%d0%bd%d1%82%d0%b0%d0%ba%d1%82%d1%8b\/","og_site_name":"MCFinance","article_modified_time":"2024-11-26T09:56:18+00:00","twitter_card":"summary_large_image","twitter_misc":{"\u041f\u0440\u0438\u043c\u0435\u0440\u043d\u043e\u0435 \u0432\u0440\u0435\u043c\u044f \u0434\u043b\u044f \u0447\u0442\u0435\u043d\u0438\u044f":"1 \u043c\u0438\u043d\u0443\u0442\u0430"},"schema":{"@context":"https:\/\/schema.org","@graph":[{"@type":"WebPage","@id":"https:\/\/mcfinance.lv\/ru\/%d0%ba%d0%be%d0%bd%d1%82%d0%b0%d0%ba%d1%82%d1%8b\/","url":"https:\/\/mcfinance.lv\/ru\/%d0%ba%d0%be%d0%bd%d1%82%d0%b0%d0%ba%d1%82%d1%8b\/","name":"\u041a\u043e\u043d\u0442\u0430\u043a\u0442\u044b - MCFinance","isPartOf":{"@id":"https:\/\/mcfinance.lv\/ru\/#website"},"datePublished":"2020-01-02T08:16:33+00:00","dateModified":"2024-11-26T09:56:18+00:00","breadcrumb":{"@id":"https:\/\/mcfinance.lv\/ru\/%d0%ba%d0%be%d0%bd%d1%82%d0%b0%d0%ba%d1%82%d1%8b\/#breadcrumb"},"inLanguage":"ru-RU","potentialAction":[{"@type":"ReadAction","target":["https:\/\/mcfinance.lv\/ru\/%d0%ba%d0%be%d0%bd%d1%82%d0%b0%d0%ba%d1%82%d1%8b\/"]}]},{"@type":"BreadcrumbList","@id":"https:\/\/mcfinance.lv\/ru\/%d0%ba%d0%be%d0%bd%d1%82%d0%b0%d0%ba%d1%82%d1%8b\/#breadcrumb","itemListElement":[{"@type":"ListItem","position":1,"name":"Home","item":"https:\/\/mcfinance.lv\/ru\/"},{"@type":"ListItem","position":2,"name":"\u041a\u043e\u043d\u0442\u0430\u043a\u0442\u044b"}]},{"@type":"WebSite","@id":"https:\/\/mcfinance.lv\/ru\/#website","url":"https:\/\/mcfinance.lv\/ru\/","name":"MCFinance","description":"","potentialAction":[{"@type":"SearchAction","target":{"@type":"EntryPoint","urlTemplate":"https:\/\/mcfinance.lv\/ru\/?s={search_term_string}"},"query-input":{"@type":"PropertyValueSpecification","valueRequired":true,"valueName":"search_term_string"}}],"inLanguage":"ru-RU"}]}},"_links":{"self":[{"href":"https:\/\/mcfinance.lv\/ru\/wp-json\/wp\/v2\/pages\/242","targetHints":{"allow":["GET"]}}],"collection":[{"href":"https:\/\/mcfinance.lv\/ru\/wp-json\/wp\/v2\/pages"}],"about":[{"href":"https:\/\/mcfinance.lv\/ru\/wp-json\/wp\/v2\/types\/page"}],"author":[{"embeddable":true,"href":"https:\/\/mcfinance.lv\/ru\/wp-json\/wp\/v2\/users\/1"}],"replies":[{"embeddable":true,"href":"https:\/\/mcfinance.lv\/ru\/wp-json\/wp\/v2\/comments?post=242"}],"version-history":[{"count":3,"href":"https:\/\/mcfinance.lv\/ru\/wp-json\/wp\/v2\/pages\/242\/revisions"}],"predecessor-version":[{"id":436,"href":"https:\/\/mcfinance.lv\/ru\/wp-json\/wp\/v2\/pages\/242\/revisions\/436"}],"wp:attachment":[{"href":"https:\/\/mcfinance.lv\/ru\/wp-json\/wp\/v2\/media?parent=242"}],"curies":[{"name":"wp","href":"https:\/\/api.w.org\/{rel}","templated":true}]}}